{"id":1083,"date":"2024-09-25T16:16:09","date_gmt":"2024-09-25T14:16:09","guid":{"rendered":"http:\/\/dev.trobischco.de\/the-company\/"},"modified":"2025-01-21T10:16:14","modified_gmt":"2025-01-21T09:16:14","slug":"the-company","status":"publish","type":"page","link":"https:\/\/www.trobischco.de\/en\/the-company\/","title":{"rendered":"The company"},"content":{"rendered":"<div id='layer_slider_1'  class='avia-layerslider main_color avia-shadow  avia-builder-el-0  el_before_av_section  avia-builder-el-first  container_wrap sidebar_right'  style='height: 721px; max-width: 1280px; margin: 0 auto;'  ><\/div>\n<div id='work'  class='avia-section av-1391r-043f17027340bd3f21dc7966d7610c59 main_color avia-section-huge avia-no-border-styling  avia-builder-el-1  el_after_av_layerslider  el_before_av_section  avia-bg-style-scroll container_wrap sidebar_right'  ><div class='container av-section-cont-open' ><div class='template-page content  av-content-small alpha units'><div class='post-entry post-entry-type-page post-entry-1083'><div class='entry-content-wrapper clearfix'>\n\n<style type=\"text\/css\" data-created_by=\"avia_inline_auto\" id=\"style-css-av-thzo1-01c5103e502c1db467c886426f85326c\">\n#top .av-special-heading.av-thzo1-01c5103e502c1db467c886426f85326c{\nmargin:0 0 0.7em 0;\npadding-bottom:0;\nfont-size:53px;\n}\nbody .av-special-heading.av-thzo1-01c5103e502c1db467c886426f85326c .av-special-heading-tag .heading-char{\nfont-size:25px;\n}\n#top #wrap_all .av-special-heading.av-thzo1-01c5103e502c1db467c886426f85326c .av-special-heading-tag{\nfont-size:53px;\n}\n.av-special-heading.av-thzo1-01c5103e502c1db467c886426f85326c .av-subheading{\nfont-size:23px;\n}\n\n@media only screen and (min-width: 480px) and (max-width: 767px){ \n#top #wrap_all .av-special-heading.av-thzo1-01c5103e502c1db467c886426f85326c .av-special-heading-tag{\nfont-size:0.8em;\n}\n}\n\n@media only screen and (max-width: 479px){ \n#top #wrap_all .av-special-heading.av-thzo1-01c5103e502c1db467c886426f85326c .av-special-heading-tag{\nfont-size:0.8em;\n}\n}\n<\/style>\n<div  class='av-special-heading av-thzo1-01c5103e502c1db467c886426f85326c av-special-heading-h3 blockquote modern-quote modern-centered  avia-builder-el-2  el_before_av_textblock  avia-builder-el-first  av-inherit-size'><h3 class='av-special-heading-tag '  itemprop=\"headline\"  >Supplier to the food industry with expertise and know-how since 1921 <\/h3><div class=\"special-heading-border\"><div class=\"special-heading-inner-border\"><\/div><\/div><\/div>\n\n<style type=\"text\/css\" data-created_by=\"avia_inline_auto\" id=\"style-css-av-m1hyhgcu-88c779c589396fb82bd58a4f774b96d1\">\n#top .av_textblock_section.av-m1hyhgcu-88c779c589396fb82bd58a4f774b96d1 .avia_textblock{\nfont-size:14px;\n}\n<\/style>\n<section  class='av_textblock_section av-m1hyhgcu-88c779c589396fb82bd58a4f774b96d1 '   itemscope=\"itemscope\" itemtype=\"https:\/\/schema.org\/CreativeWork\" ><div class='avia_textblock'  itemprop=\"text\" ><p style=\"text-align: center;\">Products made from natural raw materials of consistently high quality &#8211; that is the standard we set for our products. Thanks to our many years of expertise, our global contacts and our sophisticated quality management system, we are able to meet these high standards.<\/p>\n<\/div><\/section>\n\n<\/div><\/div><\/div><!-- close content main div --><\/div><\/div>\n<style type=\"text\/css\" data-created_by=\"avia_inline_auto\" id=\"style-css-av-m1i0mwb9-7c38086cd0d02b174a9b59279420baf0\">\n.avia-section.av-m1i0mwb9-7c38086cd0d02b174a9b59279420baf0 .av-parallax .av-parallax-inner{\nbackground-repeat:no-repeat;\nbackground-image:url(https:\/\/www.trobischco.de\/wp-content\/uploads\/2024\/09\/Qualitaet-scaled.jpg);\nbackground-position:50% 50%;\nbackground-attachment:scroll;\n}\n<\/style>\n<div id='av_section_2'  class='avia-section av-m1i0mwb9-7c38086cd0d02b174a9b59279420baf0 main_color avia-section-default avia-no-border-styling  avia-builder-el-4  el_after_av_section  el_before_av_section  av-parallax-section avia-bg-style-parallax av-minimum-height av-minimum-height-75 av-height-75  container_wrap sidebar_right'  data-section-bg-repeat='no-repeat' data-av_minimum_height_pc='75' data-av_min_height_opt='75'><div class='av-parallax' data-avia-parallax-ratio='0.3' ><div class='av-parallax-inner main_color avia-full-stretch'><\/div><\/div><div class='container av-section-cont-open' ><div class='template-page content  av-content-small alpha units'><div class='post-entry post-entry-type-page post-entry-1083'><div class='entry-content-wrapper clearfix'>\n<div class='flex_column_table av-dsaa8-55961c5974f4e3de2310e5597074d00b sc-av_one_fifth av-equal-height-column-flextable'><div  class='flex_column av-dsaa8-55961c5974f4e3de2310e5597074d00b av_one_fifth  avia-builder-el-5  el_before_av_three_fifth  avia-builder-el-first  first no_margin flex_column_table_cell av-equal-height-column av-align-top  '     ><\/div>\n<style type=\"text\/css\" data-created_by=\"avia_inline_auto\" id=\"style-css-av-d9ko8-1fe5c920d0427c28f7ff9d5c49a69c0d\">\n.flex_column.av-d9ko8-1fe5c920d0427c28f7ff9d5c49a69c0d{\npadding:20px 20px 20px 20px;\nbackground-color:#358759;\n}\n<\/style>\n<div  class='flex_column av-d9ko8-1fe5c920d0427c28f7ff9d5c49a69c0d av_three_fifth  avia-builder-el-6  el_after_av_one_fifth  el_before_av_one_fifth  no_margin flex_column_table_cell av-equal-height-column av-align-top  '     ><p>\n<style type=\"text\/css\" data-created_by=\"avia_inline_auto\" id=\"style-css-av-89ps1-4cfcfeaecf4d8f2de95faef69b5dd08c\">\n#top .av-special-heading.av-89ps1-4cfcfeaecf4d8f2de95faef69b5dd08c{\nmargin:0 0 0.7em 0;\npadding-bottom:0;\ncolor:#ffffff;\n}\nbody .av-special-heading.av-89ps1-4cfcfeaecf4d8f2de95faef69b5dd08c .av-special-heading-tag .heading-char{\nfont-size:25px;\n}\n.av-special-heading.av-89ps1-4cfcfeaecf4d8f2de95faef69b5dd08c .special-heading-inner-border{\nborder-color:#ffffff;\n}\n.av-special-heading.av-89ps1-4cfcfeaecf4d8f2de95faef69b5dd08c .av-subheading{\nfont-size:23px;\n}\n<\/style>\n<div  class='av-special-heading av-89ps1-4cfcfeaecf4d8f2de95faef69b5dd08c av-special-heading-h3 custom-color-heading blockquote modern-quote modern-centered  avia-builder-el-7  el_before_av_textblock  avia-builder-el-first  av-linked-heading'><h3 class='av-special-heading-tag '  itemprop=\"headline\"  >Quality<\/h3><div class=\"special-heading-border\"><div class=\"special-heading-inner-border\"><\/div><\/div><\/div><br \/>\n\n<style type=\"text\/css\" data-created_by=\"avia_inline_auto\" id=\"style-css-av-jkmanyih-44-8861488f1dc48552239a3dd30ac5d01e\">\n#top .av_textblock_section.av-jkmanyih-44-8861488f1dc48552239a3dd30ac5d01e .avia_textblock{\nfont-size:38px;\ncolor:#ffffff;\n}\n<\/style>\n<section  class='av_textblock_section av-jkmanyih-44-8861488f1dc48552239a3dd30ac5d01e '   itemscope=\"itemscope\" itemtype=\"https:\/\/schema.org\/CreativeWork\" ><div class='avia_textblock av_inherit_color'  itemprop=\"text\" ><h2 style=\"text-align: center;\"><span class=\"hl\">Quality from origin<br \/>\n<\/span><span class=\"hl\">to delivery<\/span><\/h2>\n<\/div><\/section><br \/>\n\n<style type=\"text\/css\" data-created_by=\"avia_inline_auto\" id=\"style-css-av-m1j0ikxf-8b98922dabfb546602829495965afaa8\">\n#top .hr.hr-invisible.av-m1j0ikxf-8b98922dabfb546602829495965afaa8{\nheight:30px;\n}\n<\/style>\n<div  class='hr av-m1j0ikxf-8b98922dabfb546602829495965afaa8 hr-invisible  avia-builder-el-9  el_after_av_textblock  el_before_av_textblock '><span class='hr-inner '><span class=\"hr-inner-style\"><\/span><\/span><\/div><br \/>\n\n<style type=\"text\/css\" data-created_by=\"avia_inline_auto\" id=\"style-css-av-awebc-1ddbb9bcba4e42b90fdb9074f074a04e\">\n#top .av_textblock_section.av-awebc-1ddbb9bcba4e42b90fdb9074f074a04e .avia_textblock{\nfont-size:18px;\ncolor:#ffffff;\n}\n<\/style>\n<section  class='av_textblock_section av-awebc-1ddbb9bcba4e42b90fdb9074f074a04e '   itemscope=\"itemscope\" itemtype=\"https:\/\/schema.org\/CreativeWork\" ><div class='avia_textblock av_inherit_color'  itemprop=\"text\" ><p>According to our definition, the quality of our products<br \/>\nis based on several building blocks:<\/p>\n<ul>\n<li>Suppliers personally selected and audited by us from all over the world<\/li>\n<li>Regular monitoring of our suppliers&#8217; production<\/li>\n<li>Incoming inspection of all deliveries in our warehouse<\/li>\n<li>Delivery reliability through a network of alternative suppliers to guarantee on-time delivery.<\/li>\n<\/ul>\n<p>This enables us to guarantee consistently high quality in all batches.<\/p>\n<\/div><\/section><\/p><\/div><div  class='flex_column av-13kxc-2ddfb445c27632bf8bc9855ddd205f9c av_one_fifth  avia-builder-el-11  el_after_av_three_fifth  avia-builder-el-last  no_margin flex_column_table_cell av-equal-height-column av-align-top  '     ><\/div><\/div><!--close column table wrapper. Autoclose: 1 -->\n\n<\/div><\/div><\/div><!-- close content main div --><\/div><\/div><div id='av_section_3'  class='avia-section av-m1j0kljh-70c9b7b29f6ad714c9846ec4400f90b8 main_color avia-section-default avia-no-border-styling  avia-builder-el-12  el_after_av_section  el_before_av_section  avia-bg-style-parallax av-minimum-height av-minimum-height-75 av-height-75  container_wrap sidebar_right'   data-av_minimum_height_pc='75' data-av_min_height_opt='75'><div class='container av-section-cont-open' ><div class='template-page content  av-content-small alpha units'><div class='post-entry post-entry-type-page post-entry-1083'><div class='entry-content-wrapper clearfix'>\n\n<style type=\"text\/css\" data-created_by=\"avia_inline_auto\" id=\"style-css-av-l9gvc-cc052a943b6a40b800bb9bb51dd9e149\">\n.flex_column.av-l9gvc-cc052a943b6a40b800bb9bb51dd9e149{\npadding:20px 20px 20px 20px;\n}\n<\/style>\n<div  class='flex_column av-l9gvc-cc052a943b6a40b800bb9bb51dd9e149 av_one_full  avia-builder-el-13  avia-builder-el-no-sibling  first flex_column_div  '     ><p>\n<style type=\"text\/css\" data-created_by=\"avia_inline_auto\" id=\"style-css-av-m1j0kv2w-74b12fe8baf37b3f12d12d524f958fdc\">\n#top .av-special-heading.av-m1j0kv2w-74b12fe8baf37b3f12d12d524f958fdc{\nmargin:0 0 0.7em 0;\npadding-bottom:0;\n}\nbody .av-special-heading.av-m1j0kv2w-74b12fe8baf37b3f12d12d524f958fdc .av-special-heading-tag .heading-char{\nfont-size:25px;\n}\n.av-special-heading.av-m1j0kv2w-74b12fe8baf37b3f12d12d524f958fdc .av-subheading{\nfont-size:23px;\n}\n<\/style>\n<div  class='av-special-heading av-m1j0kv2w-74b12fe8baf37b3f12d12d524f958fdc av-special-heading-h3 blockquote modern-quote modern-centered  avia-builder-el-14  el_before_av_textblock  avia-builder-el-first  av-linked-heading'><h3 class='av-special-heading-tag '  itemprop=\"headline\"  >Our chronicle<\/h3><div class=\"special-heading-border\"><div class=\"special-heading-inner-border\"><\/div><\/div><\/div><br \/>\n\n<style type=\"text\/css\" data-created_by=\"avia_inline_auto\" id=\"style-css-av-m1j0l1xt-e9a79320446a1895a3ddd0e97faecdfc\">\n#top .av_textblock_section.av-m1j0l1xt-e9a79320446a1895a3ddd0e97faecdfc .avia_textblock{\nfont-size:38px;\n}\n<\/style>\n<section  class='av_textblock_section av-m1j0l1xt-e9a79320446a1895a3ddd0e97faecdfc '   itemscope=\"itemscope\" itemtype=\"https:\/\/schema.org\/CreativeWork\" ><div class='avia_textblock'  itemprop=\"text\" ><h2 style=\"text-align: center;\"><span class=\"hl\">History that obliges<\/span><\/h2>\n<\/div><\/section><br \/>\n\n<style type=\"text\/css\" data-created_by=\"avia_inline_auto\" id=\"style-css-av-ex3f4-51d3529e0338af4788495dbec68b573b\">\n#top .hr.hr-invisible.av-ex3f4-51d3529e0338af4788495dbec68b573b{\nheight:30px;\n}\n<\/style>\n<div  class='hr av-ex3f4-51d3529e0338af4788495dbec68b573b hr-invisible  avia-builder-el-16  el_after_av_textblock  el_before_av_textblock '><span class='hr-inner '><span class=\"hr-inner-style\"><\/span><\/span><\/div><br \/>\n\n<style type=\"text\/css\" data-created_by=\"avia_inline_auto\" id=\"style-css-av-m1j0ll78-75eaead0e2a80d7375d52ab53330a50e\">\n#top .av_textblock_section.av-m1j0ll78-75eaead0e2a80d7375d52ab53330a50e .avia_textblock{\nfont-size:18px;\n}\n<\/style>\n<section  class='av_textblock_section av-m1j0ll78-75eaead0e2a80d7375d52ab53330a50e '   itemscope=\"itemscope\" itemtype=\"https:\/\/schema.org\/CreativeWork\" ><div class='avia_textblock'  itemprop=\"text\" ><ul>\n<li>April 5, 1921<br \/>\nOskar Arthur Trobisch and Karl Johann Heinrich Wittpenn found the general partnership Trobisch &amp; Co. (wholesale of goods of all kinds, import and export except food).<\/li>\n<li>November 24, 1924<br \/>\nThe general partnership Trobisch &amp; Co. has been dissolved. The owner is the previous shareholder Mr. Karl Johann Heinrich Wittpenn.<\/li>\n<li>July 6, 1949<br \/>\nThe new owner is now Mr. G\u00fcnter Wittpenn (businessman and pharmacist&#8217;s assistant), son of the previous partner Mr. Karl Johann Heinrich Wittpenn.<\/li>\n<li>May 1, 1975<br \/>\nThe company is converted from a general partnership to a limited partnership.<\/li>\n<li>May 29, 1987<br \/>\nThe company headquarters were relocated from Hamburg to 2110 Buchholz 5, Falkenweg 31.<\/li>\n<li>June 16, 1992<br \/>\nThe company headquarters were relocated from Buchholz to 2000 Hamburg 1, Gro\u00dfe B\u00e4ckerstra\u00dfe 13.<\/li>\n<li>July 20, 1992<br \/>\nThe company was transformed into Trobisch &amp; Co (GmbH &amp; Co) Mr. Reinhard Trocha joined as a limited partner.<\/li>\n<li>June 6, 2003<br \/>\nThe company was transformed into Trobisch GmbH &amp; Co. The company headquarters have been relocated to Schweriner Stra\u00dfe 2, 24558 Henstedt-Ulzburg.<\/li>\n<li>May 24, 2005<br \/>\nThe company headquarters were relocated to Gartenstra\u00dfe 1, 24558 Henstedt-Ulzburg.<\/li>\n<li>September 19, 2007<br \/>\nCertification of our products according to ISO 9001:2000<\/li>\n<li>September 7, 2010<br \/>\nCertification of our products according to ISO 22000:2005<\/li>\n<li>April 2021<br \/>\n<a href=\"http:\/\/dev.trobischco.de\/wp-content\/uploads\/2024\/09\/Trobisch_IHK-Jubilaeumsurkunde-100-Jahre_05.0-4.2021.pdf\" target=\"_blank\" rel=\"noopener\">Anniversary certificate<\/a> 100 years IHK zu L\u00fcbeck<\/li>\n<li>March 2022<br \/>\nCertification of our products according to ISO ISO 22000:2018<\/li>\n<\/ul>\n<\/div><\/section><\/p><\/div>\n\n<\/div><\/div><\/div><!-- close content main div --><\/div><\/div><div id='av_section_4'  class='avia-section av-fgq7k-1658555e19ba27e5f1b47c65af34c165 main_color avia-section-default avia-no-border-styling  avia-builder-el-18  el_after_av_section  avia-builder-el-last  avia-bg-style-scroll container_wrap sidebar_right'  ><div class='container av-section-cont-open' ><div class='template-page content  av-content-small alpha units'><div class='post-entry post-entry-type-page post-entry-1083'><div class='entry-content-wrapper clearfix'>\n<div  class='flex_column av-94he0-f3b0d236e3d30d2787acefe49e29eb9f av_one_third  avia-builder-el-19  el_before_av_one_third  avia-builder-el-first  first flex_column_div  '     ><p>\n<style type=\"text\/css\" data-created_by=\"avia_inline_auto\" id=\"style-css-av-m1j1ncqp-b0eada7874f5c808ee4615b748399ee8\">\n.avia-image-container.av-m1j1ncqp-b0eada7874f5c808ee4615b748399ee8 img.avia_image{\nbox-shadow:none;\n}\n.avia-image-container.av-m1j1ncqp-b0eada7874f5c808ee4615b748399ee8 .av-image-caption-overlay-center{\ncolor:#ffffff;\n}\n<\/style>\n<div  class='avia-image-container av-m1j1ncqp-b0eada7874f5c808ee4615b748399ee8 av-styling- av-hover-grow av-hide-overflow av-img-linked avia_animated_image av-animated-when-visible-95 fade-in avia-align-center  avia-builder-el-20  el_before_av_textblock  avia-builder-el-first '   itemprop=\"image\" itemscope=\"itemscope\" itemtype=\"https:\/\/schema.org\/ImageObject\" ><div class=\"avia-image-container-inner\"><div class=\"avia-image-overlay-wrap\"><a href=\"https:\/\/www.trobischco.de\/wp-content\/uploads\/2024\/09\/urkunde1.png\" data-srcset=\"https:\/\/www.trobischco.de\/wp-content\/uploads\/2024\/09\/urkunde1.png 600w, https:\/\/www.trobischco.de\/wp-content\/uploads\/2024\/09\/urkunde1-230x300.png 230w, https:\/\/www.trobischco.de\/wp-content\/uploads\/2024\/09\/urkunde1-540x705.png 540w\" data-sizes=\"(max-width: 600px) 100vw, 600px\" class='avia_image '  ><img decoding=\"async\" fetchpriority=\"high\" class='wp-image-1022 avia-img-lazy-loading-not-1022 avia_image ' src=\"https:\/\/www.trobischco.de\/wp-content\/uploads\/2024\/09\/urkunde1.png\" alt='' title=''  height=\"784\" width=\"600\"  itemprop=\"thumbnailUrl\" srcset=\"https:\/\/www.trobischco.de\/wp-content\/uploads\/2024\/09\/urkunde1.png 600w, https:\/\/www.trobischco.de\/wp-content\/uploads\/2024\/09\/urkunde1-230x300.png 230w, https:\/\/www.trobischco.de\/wp-content\/uploads\/2024\/09\/urkunde1-540x705.png 540w\" sizes=\"(max-width: 600px) 100vw, 600px\" \/><\/a><\/div><\/div><\/div><br \/>\n<section  class='av_textblock_section av-m1j1nm7h-63db29bf33fbbf1a380d6af38c1c336f '   itemscope=\"itemscope\" itemtype=\"https:\/\/schema.org\/CreativeWork\" ><div class='avia_textblock'  itemprop=\"text\" ><p style=\"text-align: center;\">Entry in the commercial register, Hamburg April 5, 1921<\/p>\n<\/div><\/section><\/p><\/div><div  class='flex_column av-qz3nc-f2ea96519703cf1d75e039e52f865e35 av_one_third  avia-builder-el-22  el_after_av_one_third  el_before_av_one_third  flex_column_div  '     ><p>\n<style type=\"text\/css\" data-created_by=\"avia_inline_auto\" id=\"style-css-av-m1j1p7xh-6db08f0d80218d3a3dbbf195044d0147\">\n.avia-image-container.av-m1j1p7xh-6db08f0d80218d3a3dbbf195044d0147 img.avia_image{\nbox-shadow:none;\n}\n.avia-image-container.av-m1j1p7xh-6db08f0d80218d3a3dbbf195044d0147 .av-image-caption-overlay-center{\ncolor:#ffffff;\n}\n<\/style>\n<div  class='avia-image-container av-m1j1p7xh-6db08f0d80218d3a3dbbf195044d0147 av-styling- av-hover-grow av-hide-overflow av-img-linked avia_animated_image av-animated-when-visible-95 fade-in avia-align-center  avia-builder-el-23  el_before_av_textblock  avia-builder-el-first '   itemprop=\"image\" itemscope=\"itemscope\" itemtype=\"https:\/\/schema.org\/ImageObject\" ><div class=\"avia-image-container-inner\"><div class=\"avia-image-overlay-wrap\"><a href=\"https:\/\/www.trobischco.de\/wp-content\/uploads\/2024\/09\/urkunde2.png\" data-srcset=\"https:\/\/www.trobischco.de\/wp-content\/uploads\/2024\/09\/urkunde2.png 550w, https:\/\/www.trobischco.de\/wp-content\/uploads\/2024\/09\/urkunde2-244x300.png 244w\" data-sizes=\"(max-width: 550px) 100vw, 550px\" class='avia_image '  ><img decoding=\"async\" fetchpriority=\"high\" class='wp-image-1023 avia-img-lazy-loading-not-1023 avia_image ' src=\"https:\/\/www.trobischco.de\/wp-content\/uploads\/2024\/09\/urkunde2.png\" alt='' title=''  height=\"677\" width=\"550\"  itemprop=\"thumbnailUrl\" srcset=\"https:\/\/www.trobischco.de\/wp-content\/uploads\/2024\/09\/urkunde2.png 550w, https:\/\/www.trobischco.de\/wp-content\/uploads\/2024\/09\/urkunde2-244x300.png 244w\" sizes=\"(max-width: 550px) 100vw, 550px\" \/><\/a><\/div><\/div><\/div><br \/>\n<section  class='av_textblock_section av-lj1s0-6dcb8a99b09a9b715089ece02a315d81 '   itemscope=\"itemscope\" itemtype=\"https:\/\/schema.org\/CreativeWork\" ><div class='avia_textblock'  itemprop=\"text\" ><p style=\"text-align: center;\">Certificate of payment of the company stamp, Hamburg April 21, 1921<\/p>\n<\/div><\/section><\/p><\/div><div  class='flex_column av-cos7s-fa2b21f28db2ccddf506ed98aff716a9 av_one_third  avia-builder-el-25  el_after_av_one_third  avia-builder-el-last  flex_column_div  '     ><p>\n<style type=\"text\/css\" data-created_by=\"avia_inline_auto\" id=\"style-css-av-m1j1pms6-17c1f7e4f248f029774234b5181193a6\">\n.avia-image-container.av-m1j1pms6-17c1f7e4f248f029774234b5181193a6 img.avia_image{\nbox-shadow:none;\n}\n.avia-image-container.av-m1j1pms6-17c1f7e4f248f029774234b5181193a6 .av-image-caption-overlay-center{\ncolor:#ffffff;\n}\n<\/style>\n<div  class='avia-image-container av-m1j1pms6-17c1f7e4f248f029774234b5181193a6 av-styling- av-hover-grow av-hide-overflow av-img-linked avia_animated_image av-animated-when-visible-95 fade-in avia-align-center  avia-builder-el-26  el_before_av_textblock  avia-builder-el-first '   itemprop=\"image\" itemscope=\"itemscope\" itemtype=\"https:\/\/schema.org\/ImageObject\" ><div class=\"avia-image-container-inner\"><div class=\"avia-image-overlay-wrap\"><a href=\"https:\/\/www.trobischco.de\/wp-content\/uploads\/2024\/09\/urkunde3.png\" data-srcset=\"https:\/\/www.trobischco.de\/wp-content\/uploads\/2024\/09\/urkunde3.png 550w, https:\/\/www.trobischco.de\/wp-content\/uploads\/2024\/09\/urkunde3-300x217.png 300w\" data-sizes=\"(max-width: 550px) 100vw, 550px\" class='avia_image '  ><img decoding=\"async\" fetchpriority=\"high\" class='wp-image-1024 avia-img-lazy-loading-not-1024 avia_image ' src=\"https:\/\/www.trobischco.de\/wp-content\/uploads\/2024\/09\/urkunde3.png\" alt='' title=''  height=\"397\" width=\"550\"  itemprop=\"thumbnailUrl\" srcset=\"https:\/\/www.trobischco.de\/wp-content\/uploads\/2024\/09\/urkunde3.png 550w, https:\/\/www.trobischco.de\/wp-content\/uploads\/2024\/09\/urkunde3-300x217.png 300w\" sizes=\"(max-width: 550px) 100vw, 550px\" \/><\/a><\/div><\/div><\/div><br \/>\n<section  class='av_textblock_section av-9u1ww-1a5d91a3e60c4fd69cd6fa5651e6b214 '   itemscope=\"itemscope\" itemtype=\"https:\/\/schema.org\/CreativeWork\" ><div class='avia_textblock'  itemprop=\"text\" ><p style=\"text-align: center;\">Announcement of an entry in the commercial register, Hamburg July 6, 1949<br \/>\nOwner now: Mr. G\u00fcnter Wittpenn<\/p>\n<\/div><\/section><\/p><\/div>\n<\/div><\/div><\/div><!-- close content main div --><\/div><\/div><div id='after_section_4'  class='main_color av_default_container_wrap container_wrap sidebar_right'  ><div class='container av-section-cont-open' ><div class='template-page content  av-content-small alpha units'><div class='post-entry post-entry-type-page post-entry-1083'><div class='entry-content-wrapper clearfix'>\n","protected":false},"excerpt":{"rendered":"","protected":false},"author":1,"featured_media":0,"parent":0,"menu_order":0,"comment_status":"closed","ping_status":"closed","template":"","meta":{"footnotes":""},"class_list":["post-1083","page","type-page","status-publish","hentry"],"_links":{"self":[{"href":"https:\/\/www.trobischco.de\/en\/wp-json\/wp\/v2\/pages\/1083","targetHints":{"allow":["GET"]}}],"collection":[{"href":"https:\/\/www.trobischco.de\/en\/wp-json\/wp\/v2\/pages"}],"about":[{"href":"https:\/\/www.trobischco.de\/en\/wp-json\/wp\/v2\/types\/page"}],"author":[{"embeddable":true,"href":"https:\/\/www.trobischco.de\/en\/wp-json\/wp\/v2\/users\/1"}],"replies":[{"embeddable":true,"href":"https:\/\/www.trobischco.de\/en\/wp-json\/wp\/v2\/comments?post=1083"}],"version-history":[{"count":5,"href":"https:\/\/www.trobischco.de\/en\/wp-json\/wp\/v2\/pages\/1083\/revisions"}],"predecessor-version":[{"id":1251,"href":"https:\/\/www.trobischco.de\/en\/wp-json\/wp\/v2\/pages\/1083\/revisions\/1251"}],"wp:attachment":[{"href":"https:\/\/www.trobischco.de\/en\/wp-json\/wp\/v2\/media?parent=1083"}],"curies":[{"name":"wp","href":"https:\/\/api.w.org\/{rel}","templated":true}]}}